{"id":203,"date":"2011-09-14T09:45:02","date_gmt":"2011-09-14T07:45:02","guid":{"rendered":"http:\/\/drzewosfera.pl\/"},"modified":"2026-02-04T17:37:08","modified_gmt":"2026-02-04T16:37:08","slug":"glowna","status":"publish","type":"page","link":"https:\/\/drzewosfera.pl\/de\/","title":{"rendered":"Zuhause"},"content":{"rendered":"<div class=\"row \">\n<div class=\"span12 \"><div><section class=\"lazy-load-box trigger effect-fade \" data-delay=\"200\" data-speed=\"800\" style=\"-webkit-transition: all 800ms ease; -moz-transition: all 800ms ease; -ms-transition: all 800ms ease; -o-transition: all 800ms ease; transition: all 800ms ease;\">\n<div><div class=\"title-box clearfix \"><h2 class=\"title-box_primary\">Warum Drzewosfera??<\/h2><\/div><!-- \/\/.title-box --><\/div>\n<\/section><\/div><\/div>\n<\/div><!-- .row (end) -->\n<div class=\"row \">\n<div class=\"span6 \"><div><section class=\"lazy-load-box trigger effect-slidefromleft \" data-delay=\"200\" data-speed=\"800\" style=\"-webkit-transition: all 800ms ease; -moz-transition: all 800ms ease; -ms-transition: all 800ms ease; -o-transition: all 800ms ease; transition: all 800ms ease;\">\n<div><div class=\"service-box extra\"><figure class=\"icon\"><img decoding=\"async\" src=\"https:\/\/drzewosfera.pl\/wp-content\/themes\/theme54988\/images\/icon1.png\" alt=\"\" \/><\/figure><div class=\"service-box_body\"><h2 class=\"title\">W\u00e4lder voller pilze<\/h2><div class=\"service-box_txt\">W\u00e4lder f\u00fcr Pilzsammler, see zum Angeln.<\/div><\/div><\/div><!-- \/Service Box --><\/div>\n<\/section><\/div>\n<div><section class=\"lazy-load-box trigger effect-slidefromleft \" data-delay=\"400\" data-speed=\"800\" style=\"-webkit-transition: all 800ms ease; -moz-transition: all 800ms ease; -ms-transition: all 800ms ease; -o-transition: all 800ms ease; transition: all 800ms ease;\">\n<div><div class=\"service-box extra\"><figure class=\"icon\"><img decoding=\"async\" src=\"https:\/\/drzewosfera.pl\/wp-content\/themes\/theme54988\/images\/icon3.png\" alt=\"\" \/><\/figure><div class=\"service-box_body\"><h2 class=\"title\">Ruhe und Frieden<\/h2><div class=\"service-box_txt\">das sind die Haupteigenschaften dieses Ortes, und der Vogelgesang am Morgen unterscheidet unser Hof von \u00fcberf\u00fcllten Erholungskurorten.<br \/>\n<\/div><\/div><\/div><!-- \/Service Box --><\/div>\n<\/section><\/div><\/div>\n<div class=\"span6 \"><div><section class=\"lazy-load-box trigger effect-slidefromright \" data-delay=\"200\" data-speed=\"800\" style=\"-webkit-transition: all 800ms ease; -moz-transition: all 800ms ease; -ms-transition: all 800ms ease; -o-transition: all 800ms ease; transition: all 800ms ease;\">\n<div><div class=\"service-box \"><figure class=\"icon\"><img decoding=\"async\" src=\"https:\/\/drzewosfera.pl\/wp-content\/themes\/theme54988\/images\/icon2.png\" alt=\"\" \/><\/figure><div class=\"service-box_body\"><h2 class=\"title\">Mikroklima<\/h2><div class=\"service-box_txt\">Das Mikroklima des Ortes kann wegen der gro\u00dfen Anzahl von Nadelw\u00e4ldern an der K\u00fcste verglichen werden, die produzieren eine gro\u00dfe Menge an lod.<\/div><\/div><\/div><!-- \/Service Box --><\/div>\n<\/section><\/div>\n<div><section class=\"lazy-load-box trigger effect-slidefromright \" data-delay=\"400\" data-speed=\"800\" style=\"-webkit-transition: all 800ms ease; -moz-transition: all 800ms ease; -ms-transition: all 800ms ease; -o-transition: all 800ms ease; transition: all 800ms ease;\">\n<div><div class=\"service-box \"><figure class=\"icon\"><a href=\"in-faucibus-orci-luctus-et\/etiam-commodo-convallis\" target=\"_self\"><img decoding=\"async\" src=\"https:\/\/drzewosfera.pl\/wp-content\/themes\/theme54988\/images\/icon4.png\" alt=\"\" \/><\/a><\/figure><div class=\"service-box_body\"><h2 class=\"title\"><a href=\"in-faucibus-orci-luctus-et\/etiam-commodo-convallis\" target=\"_self\">W\u00e4lder<\/a><\/h2><div class=\"service-box_txt\">Unser Resort ist umgeben von W\u00e4ldern, wo man stundenlang spazieren gehen kann und wo sich die Nerven vom allt\u00e4glichen Stress erholen lassen.<\/div><\/div><\/div><!-- \/Service Box --><\/div>\n<\/section><\/div><\/div>\n<\/div><!-- .row (end) -->\n<div class=\"spacer\"><\/div><!-- .spacer (end) -->\n<div><div class=\"content_box  \">\n<div class=\"row \">\n<div class=\"span12 \"><div><section class=\"lazy-load-box trigger effect-fade \" data-delay=\"200\" data-speed=\"800\" style=\"-webkit-transition: all 800ms ease; -moz-transition: all 800ms ease; -ms-transition: all 800ms ease; -o-transition: all 800ms ease; transition: all 800ms ease;\">\n<div><div class=\"testimonials \"><div class=\"testi-item list-item-0\"><blockquote class=\"testi-item_blockquote\"><a href=\"https:\/\/drzewosfera.pl\/de\/testimonial-view\/testimonial-3\/\">Aenean nonummy hendrerit mau phasellu porta. Fusce suscipit varius mi sed. Cum sociis natoque penatibus et magnis dis parturient montes, nascetur ridiculus mus. Nulla dui. Fusce feugiat malesuada odio morbi.&hellip;<\/a><small class=\"testi-meta\"><span class=\"user\">Grzegorz Rodziewicz<\/span><\/small><div class=\"clear\"><\/div><\/blockquote><\/div><\/div><\/div>\n<\/section><\/div><\/div>\n<\/div><!-- .row (end) -->\n<div class=\"clear\"><\/div><\/div><!-- .content_box (end) --><\/div>\n<div><section class=\"parallax-box image-parallax-box \" ><div class=\"parallax-content\">\n<div class=\"row \">\n<div class=\"span12 \"><div><section class=\"lazy-load-box trigger effect-slidefromleft \" data-delay=\"200\" data-speed=\"800\" style=\"-webkit-transition: all 800ms ease; -moz-transition: all 800ms ease; -ms-transition: all 800ms ease; -o-transition: all 800ms ease; transition: all 800ms ease;\">\n<div><div class=\"title-box clearfix extra\"><h2 class=\"title-box_primary\">unsere Wohnungen<\/h2><\/div><!-- \/\/.title-box --><\/div>\n<\/section><\/div>\n<div><section class=\"lazy-load-box trigger effect-slidefromright \" data-delay=\"200\" data-speed=\"800\" style=\"-webkit-transition: all 800ms ease; -moz-transition: all 800ms ease; -ms-transition: all 800ms ease; -o-transition: all 800ms ease; transition: all 800ms ease;\">\n<div><ul class=\"recent list_4 unstyled\"><li class=\"recent-posts_li post-155 services type-services status-publish has-post-thumbnail hentry  list-item-0 clearfix\"><figure class=\"thumbnail featured-thumbnail\"><a href=\"https:\/\/drzewosfera.pl\/de\/services-view\/quisque\/\" title=\"Kochnische\"><img decoding=\"async\" src=\"https:\/\/drzewosfera.pl\/wp-content\/uploads\/2011\/07\/icon_51.png\" alt=\"Kochnische\"\/><\/a><\/figure><div class=\"caption\"><h5><a href=\"https:\/\/drzewosfera.pl\/de\/services-view\/quisque\/\" title=\"Kochnische\">Kochnische<\/a><\/h5><div class=\"excerpt\"><\/div><\/div><div class=\"clear\"><\/div><\/li><!-- .entry (end) --><li class=\"recent-posts_li post-154 services type-services status-publish has-post-thumbnail hentry  list-item-1 clearfix\"><figure class=\"thumbnail featured-thumbnail\"><a href=\"https:\/\/drzewosfera.pl\/de\/services-view\/nulla\/\" title=\"WIFI\"><img decoding=\"async\" src=\"https:\/\/drzewosfera.pl\/wp-content\/uploads\/2011\/07\/icon_52.png\" alt=\"WIFI\"\/><\/a><\/figure><div class=\"caption\"><h5><a href=\"https:\/\/drzewosfera.pl\/de\/services-view\/nulla\/\" title=\"WIFI\">WIFI<\/a><\/h5><div class=\"excerpt\"><\/div><\/div><div class=\"clear\"><\/div><\/li><!-- .entry (end) --><li class=\"recent-posts_li post-152 services type-services status-publish has-post-thumbnail hentry  list-item-2 clearfix\"><figure class=\"thumbnail featured-thumbnail\"><a href=\"https:\/\/drzewosfera.pl\/de\/services-view\/vestibu\/\" title=\"das Badezimmer\"><img decoding=\"async\" src=\"https:\/\/drzewosfera.pl\/wp-content\/uploads\/2011\/07\/icon_53.png\" alt=\"das Badezimmer\"\/><\/a><\/figure><div class=\"caption\"><h5><a href=\"https:\/\/drzewosfera.pl\/de\/services-view\/vestibu\/\" title=\"das Badezimmer\">das Badezimmer<\/a><\/h5><div class=\"excerpt\"><\/div><\/div><div class=\"clear\"><\/div><\/li><!-- .entry (end) --><li class=\"recent-posts_li post-146 services type-services status-publish has-post-thumbnail hentry  list-item-3 clearfix\"><figure class=\"thumbnail featured-thumbnail\"><a href=\"https:\/\/drzewosfera.pl\/de\/services-view\/porta-ve\/\" title=\"der Fernseher\"><img decoding=\"async\" src=\"https:\/\/drzewosfera.pl\/wp-content\/uploads\/2011\/07\/icon_54.png\" alt=\"der Fernseher\"\/><\/a><\/figure><div class=\"caption\"><h5><a href=\"https:\/\/drzewosfera.pl\/de\/services-view\/porta-ve\/\" title=\"der Fernseher\">der Fernseher<\/a><\/h5><div class=\"excerpt\"><\/div><\/div><div class=\"clear\"><\/div><\/li><!-- .entry (end) --><\/ul><!-- .recent-posts (end) --><\/div>\n<\/section><\/div><\/div>\n<\/div><!-- .row (end) -->\n<div class=\"clear\"><\/div><\/div><div class=\"parallax-bg\" data-parallax-type=\"image\" data-img-url=\"http:\/\/drzewosfera.pl\/wp-content\/uploads\/2017\/07\/parallax-2.jpg\" data-speed=\"normal\" data-invert=\"false\" ><\/div><\/section><\/div>\n<div><div class=\"content_box color1 \">\n<div class=\"row \">\n<div class=\"span12 \"><div><section class=\"lazy-load-box trigger effect-fade \" data-delay=\"200\" data-speed=\"800\" style=\"-webkit-transition: all 800ms ease; -moz-transition: all 800ms ease; -ms-transition: all 800ms ease; -o-transition: all 800ms ease; transition: all 800ms ease;\">\n<div><div class=\"title-box clearfix extra_1\"><h2 class=\"title-box_primary\">Attraktionen<\/h2><\/div><!-- \/\/.title-box --><\/div>\n<\/section><\/div>\n<div><section class=\"lazy-load-box trigger effect-fade \" data-delay=\"200\" data-speed=\"800\" style=\"-webkit-transition: all 800ms ease; -moz-transition: all 800ms ease; -ms-transition: all 800ms ease; -o-transition: all 800ms ease; transition: all 800ms ease;\">\n<div><ul class=\"recent list_1 unstyled\"><li class=\"recent-posts_li post-2406 portfolio type-portfolio status-publish has-post-thumbnail hentry portfolio_category-pobliskie  list-item-0 clearfix\"><figure class=\"thumbnail featured-thumbnail\"><a href=\"https:\/\/drzewosfera.pl\/de\/portfolio-view\/wieza-widokowa-swietno\/\" title=\"Aussichtsturm \u015awi\u0119tno\"><img decoding=\"async\" src=\"https:\/\/drzewosfera.pl\/wp-content\/uploads\/2017\/08\/Wie\u017ca-widokowa.jpg\" alt=\"Aussichtsturm \u015awi\u0119tno\"\/><\/a><\/figure><div class=\"caption\"><h5><a href=\"https:\/\/drzewosfera.pl\/de\/portfolio-view\/wieza-widokowa-swietno\/\" title=\"Aussichtsturm \u015awi\u0119tno\">Aussichtsturm \u015awi\u0119tno<\/a><\/h5><\/div><div class=\"clear\"><\/div><\/li><!-- .entry (end) --><li class=\"recent-posts_li post-2404 portfolio type-portfolio status-publish has-post-thumbnail hentry portfolio_category-pobliskie  list-item-1 clearfix\"><figure class=\"thumbnail featured-thumbnail\"><a href=\"https:\/\/drzewosfera.pl\/de\/portfolio-view\/splyw-kajakowy-kargowa\/\" title=\"Kayaking Kargowa\"><img decoding=\"async\" src=\"https:\/\/drzewosfera.pl\/wp-content\/uploads\/2017\/07\/Sp\u0142yw-kajakowy.jpg\" alt=\"Kayaking Kargowa\"\/><\/a><\/figure><div class=\"caption\"><h5><a href=\"https:\/\/drzewosfera.pl\/de\/portfolio-view\/splyw-kajakowy-kargowa\/\" title=\"Kayaking Kargowa\">Kayaking Kargowa<\/a><\/h5><\/div><div class=\"clear\"><\/div><\/li><!-- .entry (end) --><li class=\"recent-posts_li post-2408 portfolio type-portfolio status-publish has-post-thumbnail hentry portfolio_category-pobliskie  list-item-2 clearfix\"><figure class=\"thumbnail featured-thumbnail\"><a href=\"https:\/\/drzewosfera.pl\/de\/portfolio-view\/lasy-pelne-grzybow\/\" title=\"W\u00e4lder voller Pilze\"><img decoding=\"async\" src=\"https:\/\/drzewosfera.pl\/wp-content\/uploads\/2017\/07\/Grzyby.jpg\" alt=\"W\u00e4lder voller Pilze\"\/><\/a><\/figure><div class=\"caption\"><h5><a href=\"https:\/\/drzewosfera.pl\/de\/portfolio-view\/lasy-pelne-grzybow\/\" title=\"W\u00e4lder voller Pilze\">W\u00e4lder voller Pilze<\/a><\/h5><\/div><div class=\"clear\"><\/div><\/li><!-- .entry (end) --><li class=\"recent-posts_li post-2550 portfolio type-portfolio status-publish has-post-thumbnail hentry portfolio_category-wolsztyn  list-item-3 clearfix\"><figure class=\"thumbnail featured-thumbnail\"><a href=\"https:\/\/drzewosfera.pl\/de\/portfolio-view\/skansen-w-wolsztynie\/\" title=\"Freilichtmuseum des Volksbauwesens\"><img decoding=\"async\" src=\"https:\/\/drzewosfera.pl\/wp-content\/uploads\/2017\/07\/Skansen.jpg\" alt=\"Freilichtmuseum des Volksbauwesens\"\/><\/a><\/figure><div class=\"caption\"><h5><a href=\"https:\/\/drzewosfera.pl\/de\/portfolio-view\/skansen-w-wolsztynie\/\" title=\"Freilichtmuseum des Volksbauwesens\">Freilichtmuseum des Volksbauwesens<\/a><\/h5><\/div><div class=\"clear\"><\/div><\/li><!-- .entry (end) --><li class=\"recent-posts_li post-2545 portfolio type-portfolio status-publish has-post-thumbnail hentry portfolio_category-wolsztyn  list-item-4 clearfix\"><figure class=\"thumbnail featured-thumbnail\"><a href=\"https:\/\/drzewosfera.pl\/de\/portfolio-view\/palac-wolsztyn\/\" title=\"Das Schloss und Park in Wolsztyn\"><img decoding=\"async\" src=\"https:\/\/drzewosfera.pl\/wp-content\/uploads\/2017\/07\/Pa\u0142ac-Wolsztyn.jpg\" alt=\"Das Schloss und Park in Wolsztyn\"\/><\/a><\/figure><div class=\"caption\"><h5><a href=\"https:\/\/drzewosfera.pl\/de\/portfolio-view\/palac-wolsztyn\/\" title=\"Das Schloss und Park in Wolsztyn\">Das Schloss und Park in Wolsztyn<\/a><\/h5><\/div><div class=\"clear\"><\/div><\/li><!-- .entry (end) --><li class=\"recent-posts_li post-2546 portfolio type-portfolio status-publish has-post-thumbnail hentry portfolio_category-wolsztyn  list-item-5 clearfix\"><figure class=\"thumbnail featured-thumbnail\"><a href=\"https:\/\/drzewosfera.pl\/de\/portfolio-view\/kosciol-parafialny-w-wolsztynie\/\" title=\"Pfarrkirche\"><img decoding=\"async\" src=\"https:\/\/drzewosfera.pl\/wp-content\/uploads\/2017\/07\/Ko\u015bci\u00f3\u0142-Wolsztyn.jpg\" alt=\"Pfarrkirche\"\/><\/a><\/figure><div class=\"caption\"><h5><a href=\"https:\/\/drzewosfera.pl\/de\/portfolio-view\/kosciol-parafialny-w-wolsztynie\/\" title=\"Pfarrkirche\">Pfarrkirche<\/a><\/h5><\/div><div class=\"clear\"><\/div><\/li><!-- .entry (end) --><li class=\"recent-posts_li post-2552 portfolio type-portfolio status-publish has-post-thumbnail hentry portfolio_category-aktywnie  list-item-6 clearfix\"><figure class=\"thumbnail featured-thumbnail\"><a href=\"https:\/\/drzewosfera.pl\/de\/portfolio-view\/basen-wolsztyn\/\" title=\"Schwimmen Wolsztyn\"><img decoding=\"async\" src=\"https:\/\/drzewosfera.pl\/wp-content\/uploads\/2017\/07\/P\u0142ywialnia-wolsztyn.jpg\" alt=\"Schwimmen Wolsztyn\"\/><\/a><\/figure><div class=\"caption\"><h5><a href=\"https:\/\/drzewosfera.pl\/de\/portfolio-view\/basen-wolsztyn\/\" title=\"Schwimmen Wolsztyn\">Schwimmen Wolsztyn<\/a><\/h5><\/div><div class=\"clear\"><\/div><\/li><!-- .entry (end) --><li class=\"recent-posts_li post-2551 portfolio type-portfolio status-publish has-post-thumbnail hentry portfolio_category-wolsztyn  list-item-7 clearfix\"><figure class=\"thumbnail featured-thumbnail\"><a href=\"https:\/\/drzewosfera.pl\/de\/portfolio-view\/parowozownia-wolsztyn\/\" title=\"Bahnbetriebswerk.\"><img decoding=\"async\" src=\"https:\/\/drzewosfera.pl\/wp-content\/uploads\/2017\/07\/Parowozownia.jpg\" alt=\"Bahnbetriebswerk.\"\/><\/a><\/figure><div class=\"caption\"><h5><a href=\"https:\/\/drzewosfera.pl\/de\/portfolio-view\/parowozownia-wolsztyn\/\" title=\"Bahnbetriebswerk.\">Bahnbetriebswerk.<\/a><\/h5><\/div><div class=\"clear\"><\/div><\/li><!-- .entry (end) --><\/ul><!-- .recent-posts (end) --><\/div>\n<\/section><\/div><\/div>\n<\/div><!-- .row (end) -->\n<div class=\"clear\"><\/div><\/div><!-- .content_box (end) --><\/div>\n<div><section class=\"parallax-box image-parallax-box custom_parallax\" ><div class=\"parallax-content\">\n<div class=\"row \">\n<div class=\"span5 \"><div><section class=\"lazy-load-box trigger effect-slidefromleft \" data-delay=\"200\" data-speed=\"800\" style=\"-webkit-transition: all 800ms ease; -moz-transition: all 800ms ease; -ms-transition: all 800ms ease; -o-transition: all 800ms ease; transition: all 800ms ease;\">\n<h5>Kontaktinformation<\/h5>\n<p><strong>Adresse<\/strong><br \/>\nDrzewosfera Wilcze<br \/>\nWilcze 9<br \/>\n64-224 \u015awi\u0119tno<\/p>\n<p>DAR-JA SP. Z O.O.<br \/>\nUl. Spokojna 25<br \/>\n64-200 Wolsztyn<br \/>\nNumer konta 98 1020 4144 0000 6802 0351 8982<\/p>\n<p>Handy<br \/>\n+48 604 645 906<\/p>\n<p>Online-Hilfe<br \/>\nSkype ID: agroturystyka.wilcze<\/p>\n<p>E-mail: <a href=\"recepcja@drzewosfera.pl\">recepcja@drzewosfera.pl<\/a><\/p>\n<\/section><\/div><\/div>\n<div class=\"span1 \"><\/div>\n<div class=\"span6 \"><div><section class=\"lazy-load-box trigger effect-slidefromright \" data-delay=\"200\" data-speed=\"800\" style=\"-webkit-transition: all 800ms ease; -moz-transition: all 800ms ease; -ms-transition: all 800ms ease; -o-transition: all 800ms ease; transition: all 800ms ease;\">\n\n<div class=\"wpcf7 no-js\" id=\"wpcf7-f208-o3\" lang=\"en-US\" dir=\"ltr\" data-wpcf7-id=\"208\">\n<div class=\"screen-reader-response\"><p role=\"status\" aria-live=\"polite\" aria-atomic=\"true\"><\/p> <ul><\/ul><\/div>\n<form action=\"\/de\/wp-json\/wp\/v2\/pages\/203#wpcf7-f208-o3\" method=\"post\" class=\"wpcf7-form init\" aria-label=\"Contact form\" novalidate=\"novalidate\" data-status=\"init\">\n<fieldset class=\"hidden-fields-container\"><input type=\"hidden\" name=\"_wpcf7\" value=\"208\" \/><input type=\"hidden\" name=\"_wpcf7_version\" value=\"6.1.5\" \/><input type=\"hidden\" name=\"_wpcf7_locale\" value=\"en_US\" \/><input type=\"hidden\" name=\"_wpcf7_unit_tag\" value=\"wpcf7-f208-o3\" \/><input type=\"hidden\" name=\"_wpcf7_container_post\" value=\"0\" \/><input type=\"hidden\" name=\"_wpcf7_posted_data_hash\" value=\"\" \/>\n<\/fieldset>\n<div class=\"row-fluid\">\n\t<p class=\"span4 field\"><span class=\"wpcf7-form-control-wrap\" data-name=\"your-name\"><input size=\"40\" maxlength=\"400\" class=\"wpcf7-form-control wpcf7-text wpcf7-validates-as-required\" aria-required=\"true\" aria-invalid=\"false\" placeholder=\"Name:\" value=\"\" type=\"text\" name=\"your-name\" \/><\/span>\n\t<\/p>\n\t<p class=\"span4 field\"><span class=\"wpcf7-form-control-wrap\" data-name=\"your-email\"><input size=\"40\" maxlength=\"400\" class=\"wpcf7-form-control wpcf7-email wpcf7-validates-as-required wpcf7-text wpcf7-validates-as-email\" aria-required=\"true\" aria-invalid=\"false\" placeholder=\"E-mail:\" value=\"\" type=\"email\" name=\"your-email\" \/><\/span>\n\t<\/p>\n\t<p class=\"span4 field\"><span class=\"wpcf7-form-control-wrap\" data-name=\"your-phone\"><input size=\"40\" maxlength=\"400\" class=\"wpcf7-form-control wpcf7-text\" aria-invalid=\"false\" placeholder=\"Telefon:\" value=\"\" type=\"text\" name=\"your-phone\" \/><\/span>\n\t<\/p>\n<\/div>\n<p class=\"field\"><span class=\"wpcf7-form-control-wrap\" data-name=\"your-message\"><textarea cols=\"40\" rows=\"10\" maxlength=\"2000\" class=\"wpcf7-form-control wpcf7-textarea\" aria-invalid=\"false\" placeholder=\"Meldung:\" name=\"your-message\"><\/textarea><\/span>\n<\/p>\n<p class=\"submit-wrap\"><input type=\"reset\" value=\"clear\" class=\"btn btn-primary\" \/><input class=\"wpcf7-form-control wpcf7-submit has-spinner btn btn-primary\" type=\"submit\" value=\"Senden\" \/>\n<\/p><p style=\"display: none !important;\" class=\"akismet-fields-container\" data-prefix=\"_wpcf7_ak_\"><label>&#916;<textarea name=\"_wpcf7_ak_hp_textarea\" cols=\"45\" rows=\"8\" maxlength=\"100\"><\/textarea><\/label><input type=\"hidden\" id=\"ak_js_3\" name=\"_wpcf7_ak_js\" value=\"241\"\/><script>document.getElementById( \"ak_js_3\" ).setAttribute( \"value\", ( new Date() ).getTime() );<\/script><\/p><div class=\"wpcf7-response-output\" aria-hidden=\"true\"><\/div>\n<\/form>\n<\/div>\n\n<\/section><\/div><\/div>\n<\/div><!-- .row (end) -->\n<div class=\"clear\"><\/div><\/div><div class=\"parallax-bg\" data-parallax-type=\"image\" data-img-url=\"http:\/\/drzewosfera.pl\/wp-content\/uploads\/2017\/07\/parallax_21.jpg\" data-speed=\"normal\" data-invert=\"false\" ><\/div><\/section><\/div>","protected":false},"excerpt":{"rendered":"","protected":false},"author":1,"featured_media":0,"parent":0,"menu_order":0,"comment_status":"open","ping_status":"closed","template":"page-home.php","meta":{"footnotes":""},"class_list":["post-203","page","type-page","status-publish","hentry"],"yoast_head":"<!-- This site is optimized with the Yoast SEO plugin v27.0 - https:\/\/yoast.com\/product\/yoast-seo-wordpress\/ -->\n<title>(Polski) Drzewosfera - Pokoje Studio Wilcze - Wielkopolska<\/title>\n<meta name=\"description\" content=\"(Polski) Wilcze \u2013 komfortowe pokoje studio, ogrzewane kominkiem z aneksem kuchennym. O\u015brodek przyjazny dla zwierz\u0105t oraz innych milusi\u0144skic. Zapewniamy spok\u00f3j i cisz\u0119 po\u015br\u00f3d las\u00f3w i jezior.\" \/>\n<meta name=\"robots\" content=\"index, follow, max-snippet:-1, max-image-preview:large, max-video-preview:-1\" \/>\n<link rel=\"canonical\" href=\"https:\/\/drzewosfera.pl\/\" \/>\n<meta property=\"og:locale\" content=\"de_DE\" \/>\n<meta property=\"og:type\" content=\"article\" \/>\n<meta property=\"og:title\" content=\"[:pl][:pl]Drzewosfera - Pokoje Studio Wilcze - Wielkopolska[:][:]\" \/>\n<meta property=\"og:description\" content=\"{:pl}Wilcze \u2013 komfortowe pokoje studio, ogrzewane kominkiem z aneksem kuchennym. O\u015brodek przyjazny dla zwierz\u0105t oraz innych milusi\u0144skic. Zapewniamy spok\u00f3j i cisz\u0119 po\u015br\u00f3d las\u00f3w i jezior.{:}\" \/>\n<meta property=\"og:url\" content=\"https:\/\/drzewosfera.pl\/\" \/>\n<meta property=\"og:site_name\" content=\"Drzewosfera - Apartments Wilcze\" \/>\n<meta property=\"article:publisher\" content=\"https:\/\/www.facebook.com\/DrzewosferaRestauracjaPensjonat\/\" \/>\n<meta property=\"article:modified_time\" content=\"2026-02-04T16:37:08+00:00\" \/>\n<meta name=\"twitter:card\" content=\"summary_large_image\" \/>\n<meta name=\"twitter:label1\" content=\"Gesch\u00e4tzte Lesezeit\" \/>\n\t<meta name=\"twitter:data1\" content=\"6\u00a0Minuten\" \/>\n<script type=\"application\/ld+json\" class=\"yoast-schema-graph\">{\"@context\":\"https:\/\/schema.org\",\"@graph\":[{\"@type\":\"WebPage\",\"@id\":\"https:\/\/drzewosfera.pl\/\",\"url\":\"https:\/\/drzewosfera.pl\/\",\"name\":\"[:pl][:pl]Drzewosfera - Pokoje Studio Wilcze - Wielkopolska[:][:]\",\"isPartOf\":{\"@id\":\"https:\/\/drzewosfera.pl\/#website\"},\"datePublished\":\"2011-09-14T07:45:02+00:00\",\"dateModified\":\"2026-02-04T16:37:08+00:00\",\"description\":\"{:pl}Wilcze \u2013 komfortowe pokoje studio, ogrzewane kominkiem z aneksem kuchennym. O\u015brodek przyjazny dla zwierz\u0105t oraz innych milusi\u0144skic. Zapewniamy spok\u00f3j i cisz\u0119 po\u015br\u00f3d las\u00f3w i jezior.{:}\",\"breadcrumb\":{\"@id\":\"https:\/\/drzewosfera.pl\/#breadcrumb\"},\"inLanguage\":\"de\",\"potentialAction\":[{\"@type\":\"ReadAction\",\"target\":[\"https:\/\/drzewosfera.pl\/\"]}]},{\"@type\":\"BreadcrumbList\",\"@id\":\"https:\/\/drzewosfera.pl\/#breadcrumb\",\"itemListElement\":[{\"@type\":\"ListItem\",\"position\":1,\"name\":\"Strona g\u0142\u00f3wna\",\"item\":\"https:\/\/drzewosfera.pl\/\"},{\"@type\":\"ListItem\",\"position\":2,\"name\":\"G\u0142\u00f3wna\"}]},{\"@type\":\"WebSite\",\"@id\":\"https:\/\/drzewosfera.pl\/#website\",\"url\":\"https:\/\/drzewosfera.pl\/\",\"name\":\"Drzewosfera - Apartments Wilcze\",\"description\":\"Wilcze - gem\u00fctliche Studiozimmer, beheizt durch einen Kamin mit Kochnische. Tier und andere Tiere Zentrum ... Wir bieten Ruhe und Stille inmitten von W\u00e4ldern und Seen.\",\"potentialAction\":[{\"@type\":\"SearchAction\",\"target\":{\"@type\":\"EntryPoint\",\"urlTemplate\":\"https:\/\/drzewosfera.pl\/?s={search_term_string}\"},\"query-input\":{\"@type\":\"PropertyValueSpecification\",\"valueRequired\":true,\"valueName\":\"search_term_string\"}}],\"inLanguage\":\"de\"}]}<\/script>\n<!-- \/ Yoast SEO plugin. -->","yoast_head_json":{"title":"(Polski) Drzewosfera - Pokoje Studio Wilcze - Wielkopolska","description":"(Polski) Wilcze \u2013 komfortowe pokoje studio, ogrzewane kominkiem z aneksem kuchennym. O\u015brodek przyjazny dla zwierz\u0105t oraz innych milusi\u0144skic. Zapewniamy spok\u00f3j i cisz\u0119 po\u015br\u00f3d las\u00f3w i jezior.","robots":{"index":"index","follow":"follow","max-snippet":"max-snippet:-1","max-image-preview":"max-image-preview:large","max-video-preview":"max-video-preview:-1"},"canonical":"https:\/\/drzewosfera.pl\/","og_locale":"de_DE","og_type":"article","og_title":"[:pl][:pl]Drzewosfera - Pokoje Studio Wilcze - Wielkopolska[:][:]","og_description":"{:pl}Wilcze \u2013 komfortowe pokoje studio, ogrzewane kominkiem z aneksem kuchennym. O\u015brodek przyjazny dla zwierz\u0105t oraz innych milusi\u0144skic. Zapewniamy spok\u00f3j i cisz\u0119 po\u015br\u00f3d las\u00f3w i jezior.{:}","og_url":"https:\/\/drzewosfera.pl\/","og_site_name":"Drzewosfera - Apartments Wilcze","article_publisher":"https:\/\/www.facebook.com\/DrzewosferaRestauracjaPensjonat\/","article_modified_time":"2026-02-04T16:37:08+00:00","twitter_card":"summary_large_image","twitter_misc":{"Gesch\u00e4tzte Lesezeit":"6\u00a0Minuten"},"schema":{"@context":"https:\/\/schema.org","@graph":[{"@type":"WebPage","@id":"https:\/\/drzewosfera.pl\/","url":"https:\/\/drzewosfera.pl\/","name":"[:pl][:pl]Drzewosfera - Pokoje Studio Wilcze - Wielkopolska[:][:]","isPartOf":{"@id":"https:\/\/drzewosfera.pl\/#website"},"datePublished":"2011-09-14T07:45:02+00:00","dateModified":"2026-02-04T16:37:08+00:00","description":"{:pl}Wilcze \u2013 komfortowe pokoje studio, ogrzewane kominkiem z aneksem kuchennym. O\u015brodek przyjazny dla zwierz\u0105t oraz innych milusi\u0144skic. Zapewniamy spok\u00f3j i cisz\u0119 po\u015br\u00f3d las\u00f3w i jezior.{:}","breadcrumb":{"@id":"https:\/\/drzewosfera.pl\/#breadcrumb"},"inLanguage":"de","potentialAction":[{"@type":"ReadAction","target":["https:\/\/drzewosfera.pl\/"]}]},{"@type":"BreadcrumbList","@id":"https:\/\/drzewosfera.pl\/#breadcrumb","itemListElement":[{"@type":"ListItem","position":1,"name":"Strona g\u0142\u00f3wna","item":"https:\/\/drzewosfera.pl\/"},{"@type":"ListItem","position":2,"name":"G\u0142\u00f3wna"}]},{"@type":"WebSite","@id":"https:\/\/drzewosfera.pl\/#website","url":"https:\/\/drzewosfera.pl\/","name":"Drzewosfera - Apartments Wilcze","description":"Wilcze - gem\u00fctliche Studiozimmer, beheizt durch einen Kamin mit Kochnische. Tier und andere Tiere Zentrum ... Wir bieten Ruhe und Stille inmitten von W\u00e4ldern und Seen.","potentialAction":[{"@type":"SearchAction","target":{"@type":"EntryPoint","urlTemplate":"https:\/\/drzewosfera.pl\/?s={search_term_string}"},"query-input":{"@type":"PropertyValueSpecification","valueRequired":true,"valueName":"search_term_string"}}],"inLanguage":"de"}]}},"_links":{"self":[{"href":"https:\/\/drzewosfera.pl\/de\/wp-json\/wp\/v2\/pages\/203","targetHints":{"allow":["GET"]}}],"collection":[{"href":"https:\/\/drzewosfera.pl\/de\/wp-json\/wp\/v2\/pages"}],"about":[{"href":"https:\/\/drzewosfera.pl\/de\/wp-json\/wp\/v2\/types\/page"}],"author":[{"embeddable":true,"href":"https:\/\/drzewosfera.pl\/de\/wp-json\/wp\/v2\/users\/1"}],"replies":[{"embeddable":true,"href":"https:\/\/drzewosfera.pl\/de\/wp-json\/wp\/v2\/comments?post=203"}],"version-history":[{"count":5,"href":"https:\/\/drzewosfera.pl\/de\/wp-json\/wp\/v2\/pages\/203\/revisions"}],"predecessor-version":[{"id":2889,"href":"https:\/\/drzewosfera.pl\/de\/wp-json\/wp\/v2\/pages\/203\/revisions\/2889"}],"wp:attachment":[{"href":"https:\/\/drzewosfera.pl\/de\/wp-json\/wp\/v2\/media?parent=203"}],"curies":[{"name":"wp","href":"https:\/\/api.w.org\/{rel}","templated":true}]}}