{"id":203,"date":"2011-09-14T09:45:02","date_gmt":"2011-09-14T07:45:02","guid":{"rendered":"http:\/\/drzewosfera.pl\/"},"modified":"2026-02-04T17:37:08","modified_gmt":"2026-02-04T16:37:08","slug":"glowna","status":"publish","type":"page","link":"https:\/\/drzewosfera.pl\/en\/","title":{"rendered":"Home"},"content":{"rendered":"<div class=\"row \">\n<div class=\"span12 \"><div><section class=\"lazy-load-box trigger effect-fade \" data-delay=\"200\" data-speed=\"800\" style=\"-webkit-transition: all 800ms ease; -moz-transition: all 800ms ease; -ms-transition: all 800ms ease; -o-transition: all 800ms ease; transition: all 800ms ease;\">\n<div><div class=\"title-box clearfix \"><h2 class=\"title-box_primary\">Why Drzewosfera??<\/h2><\/div><!-- \/\/.title-box --><\/div>\n<\/section><\/div><\/div>\n<\/div><!-- .row (end) -->\n<div class=\"row \">\n<div class=\"span6 \"><div><section class=\"lazy-load-box trigger effect-slidefromleft \" data-delay=\"200\" data-speed=\"800\" style=\"-webkit-transition: all 800ms ease; -moz-transition: all 800ms ease; -ms-transition: all 800ms ease; -o-transition: all 800ms ease; transition: all 800ms ease;\">\n<div><div class=\"service-box extra\"><figure class=\"icon\"><img decoding=\"async\" src=\"https:\/\/drzewosfera.pl\/wp-content\/themes\/theme54988\/images\/icon1.png\" alt=\"\" \/><\/figure><div class=\"service-box_body\"><h2 class=\"title\">Forests full of mushrooms<\/h2><div class=\"service-box_txt\">Forests for mushroom pickers, lakes for anglers.<\/div><\/div><\/div><!-- \/Service Box --><\/div>\n<\/section><\/div>\n<div><section class=\"lazy-load-box trigger effect-slidefromleft \" data-delay=\"400\" data-speed=\"800\" style=\"-webkit-transition: all 800ms ease; -moz-transition: all 800ms ease; -ms-transition: all 800ms ease; -o-transition: all 800ms ease; transition: all 800ms ease;\">\n<div><div class=\"service-box extra\"><figure class=\"icon\"><a href=\"nulla-facilisi-aenean-nec-eros\/phasellus-fringilla\" target=\"_self\"><img decoding=\"async\" src=\"https:\/\/drzewosfera.pl\/wp-content\/themes\/theme54988\/images\/icon3.png\" alt=\"\" \/><\/a><\/figure><div class=\"service-box_body\"><h2 class=\"title\"><a href=\"nulla-facilisi-aenean-nec-eros\/phasellus-fringilla\" target=\"_self\">Peace and quiet<\/a><\/h2><div class=\"service-box_txt\">These are the main features of this place, and a birdsong in the morning is what makes our facility distinct from crowded holiday resorts.<br \/>\n<\/div><\/div><\/div><!-- \/Service Box --><\/div>\n<\/section><\/div><\/div>\n<div class=\"span6 \"><div><section class=\"lazy-load-box trigger effect-slidefromright \" data-delay=\"200\" data-speed=\"800\" style=\"-webkit-transition: all 800ms ease; -moz-transition: all 800ms ease; -ms-transition: all 800ms ease; -o-transition: all 800ms ease; transition: all 800ms ease;\">\n<div><div class=\"service-box \"><figure class=\"icon\"><img decoding=\"async\" src=\"https:\/\/drzewosfera.pl\/wp-content\/themes\/theme54988\/images\/icon2.png\" alt=\"\" \/><\/figure><div class=\"service-box_body\"><h2 class=\"title\">Microclimate<\/h2><div class=\"service-box_txt\">The microclimate of this place can be compared to the seaside because of the large number of coniferous forests that produce large amounts of iodine.<\/div><\/div><\/div><!-- \/Service Box --><\/div>\n<\/section><\/div>\n<div><section class=\"lazy-load-box trigger effect-slidefromright \" data-delay=\"400\" data-speed=\"800\" style=\"-webkit-transition: all 800ms ease; -moz-transition: all 800ms ease; -ms-transition: all 800ms ease; -o-transition: all 800ms ease; transition: all 800ms ease;\">\n<div><div class=\"service-box \"><figure class=\"icon\"><img decoding=\"async\" src=\"https:\/\/drzewosfera.pl\/wp-content\/themes\/theme54988\/images\/icon4.png\" alt=\"\" \/><\/figure><div class=\"service-box_body\"><h2 class=\"title\">Forests<\/h2><div class=\"service-box_txt\">Our resort is surrounded by forests, where you can stroll for hours to soothe the frazzled nerves of daily life.<\/div><\/div><\/div><!-- \/Service Box --><\/div>\n<\/section><\/div><\/div>\n<\/div><!-- .row (end) -->\n<div class=\"spacer\"><\/div><!-- .spacer (end) -->\n<div><div class=\"content_box  \">\n<div class=\"row \">\n<div class=\"span12 \"><div><section class=\"lazy-load-box trigger effect-fade \" data-delay=\"200\" data-speed=\"800\" style=\"-webkit-transition: all 800ms ease; -moz-transition: all 800ms ease; -ms-transition: all 800ms ease; -o-transition: all 800ms ease; transition: all 800ms ease;\">\n<div><div class=\"testimonials \"><div class=\"testi-item list-item-0\"><blockquote class=\"testi-item_blockquote\"><a href=\"https:\/\/drzewosfera.pl\/en\/testimonial-view\/testimonial-3\/\">Aenean nonummy hendrerit mau phasellu porta. Fusce suscipit varius mi sed. Cum sociis natoque penatibus et magnis dis parturient montes, nascetur ridiculus mus. Nulla dui. Fusce feugiat malesuada odio morbi.&hellip;<\/a><small class=\"testi-meta\"><span class=\"user\">Grzegorz Rodziewicz<\/span><\/small><div class=\"clear\"><\/div><\/blockquote><\/div><\/div><\/div>\n<\/section><\/div><\/div>\n<\/div><!-- .row (end) -->\n<div class=\"clear\"><\/div><\/div><!-- .content_box (end) --><\/div>\n<div><section class=\"parallax-box image-parallax-box \" ><div class=\"parallax-content\">\n<div class=\"row \">\n<div class=\"span12 \"><div><section class=\"lazy-load-box trigger effect-slidefromleft \" data-delay=\"200\" data-speed=\"800\" style=\"-webkit-transition: all 800ms ease; -moz-transition: all 800ms ease; -ms-transition: all 800ms ease; -o-transition: all 800ms ease; transition: all 800ms ease;\">\n<div><div class=\"title-box clearfix extra\"><h2 class=\"title-box_primary\">Our Apartments<\/h2><\/div><!-- \/\/.title-box --><\/div>\n<\/section><\/div>\n<div><section class=\"lazy-load-box trigger effect-slidefromright \" data-delay=\"200\" data-speed=\"800\" style=\"-webkit-transition: all 800ms ease; -moz-transition: all 800ms ease; -ms-transition: all 800ms ease; -o-transition: all 800ms ease; transition: all 800ms ease;\">\n<div><ul class=\"recent list_4 unstyled\"><li class=\"recent-posts_li post-155 services type-services status-publish has-post-thumbnail hentry  list-item-0 clearfix\"><figure class=\"thumbnail featured-thumbnail\"><a href=\"https:\/\/drzewosfera.pl\/en\/services-view\/quisque\/\" title=\"Kitchenette\"><img decoding=\"async\" src=\"https:\/\/drzewosfera.pl\/wp-content\/uploads\/2011\/07\/icon_51.png\" alt=\"Kitchenette\"\/><\/a><\/figure><div class=\"caption\"><h5><a href=\"https:\/\/drzewosfera.pl\/en\/services-view\/quisque\/\" title=\"Kitchenette\">Kitchenette<\/a><\/h5><div class=\"excerpt\"><\/div><\/div><div class=\"clear\"><\/div><\/li><!-- .entry (end) --><li class=\"recent-posts_li post-154 services type-services status-publish has-post-thumbnail hentry  list-item-1 clearfix\"><figure class=\"thumbnail featured-thumbnail\"><a href=\"https:\/\/drzewosfera.pl\/en\/services-view\/nulla\/\" title=\"WIFI\"><img decoding=\"async\" src=\"https:\/\/drzewosfera.pl\/wp-content\/uploads\/2011\/07\/icon_52.png\" alt=\"WIFI\"\/><\/a><\/figure><div class=\"caption\"><h5><a href=\"https:\/\/drzewosfera.pl\/en\/services-view\/nulla\/\" title=\"WIFI\">WIFI<\/a><\/h5><div class=\"excerpt\"><\/div><\/div><div class=\"clear\"><\/div><\/li><!-- .entry (end) --><li class=\"recent-posts_li post-152 services type-services status-publish has-post-thumbnail hentry  list-item-2 clearfix\"><figure class=\"thumbnail featured-thumbnail\"><a href=\"https:\/\/drzewosfera.pl\/en\/services-view\/vestibu\/\" title=\"Bathroom\"><img decoding=\"async\" src=\"https:\/\/drzewosfera.pl\/wp-content\/uploads\/2011\/07\/icon_53.png\" alt=\"Bathroom\"\/><\/a><\/figure><div class=\"caption\"><h5><a href=\"https:\/\/drzewosfera.pl\/en\/services-view\/vestibu\/\" title=\"Bathroom\">Bathroom<\/a><\/h5><div class=\"excerpt\"><\/div><\/div><div class=\"clear\"><\/div><\/li><!-- .entry (end) --><li class=\"recent-posts_li post-146 services type-services status-publish has-post-thumbnail hentry  list-item-3 clearfix\"><figure class=\"thumbnail featured-thumbnail\"><a href=\"https:\/\/drzewosfera.pl\/en\/services-view\/porta-ve\/\" title=\"TV\"><img decoding=\"async\" src=\"https:\/\/drzewosfera.pl\/wp-content\/uploads\/2011\/07\/icon_54.png\" alt=\"TV\"\/><\/a><\/figure><div class=\"caption\"><h5><a href=\"https:\/\/drzewosfera.pl\/en\/services-view\/porta-ve\/\" title=\"TV\">TV<\/a><\/h5><div class=\"excerpt\"><\/div><\/div><div class=\"clear\"><\/div><\/li><!-- .entry (end) --><\/ul><!-- .recent-posts (end) --><\/div>\n<\/section><\/div><\/div>\n<\/div><!-- .row (end) -->\n<div class=\"clear\"><\/div><\/div><div class=\"parallax-bg\" data-parallax-type=\"image\" data-img-url=\"http:\/\/drzewosfera.pl\/wp-content\/uploads\/2017\/07\/parallax-2.jpg\" data-speed=\"normal\" data-invert=\"false\" ><\/div><\/section><\/div>\n<div><div class=\"content_box color1 \">\n<div class=\"row \">\n<div class=\"span12 \"><div><section class=\"lazy-load-box trigger effect-fade \" data-delay=\"200\" data-speed=\"800\" style=\"-webkit-transition: all 800ms ease; -moz-transition: all 800ms ease; -ms-transition: all 800ms ease; -o-transition: all 800ms ease; transition: all 800ms ease;\">\n<div><div class=\"title-box clearfix extra_1\"><h2 class=\"title-box_primary\">Attractions<\/h2><\/div><!-- \/\/.title-box --><\/div>\n<\/section><\/div>\n<div><section class=\"lazy-load-box trigger effect-fade \" data-delay=\"200\" data-speed=\"800\" style=\"-webkit-transition: all 800ms ease; -moz-transition: all 800ms ease; -ms-transition: all 800ms ease; -o-transition: all 800ms ease; transition: all 800ms ease;\">\n<div><ul class=\"recent list_1 unstyled\"><li class=\"recent-posts_li post-2406 portfolio type-portfolio status-publish has-post-thumbnail hentry portfolio_category-pobliskie  list-item-0 clearfix\"><figure class=\"thumbnail featured-thumbnail\"><a href=\"https:\/\/drzewosfera.pl\/en\/portfolio-view\/wieza-widokowa-swietno\/\" title=\"Lookout Tower \u015awi\u0119tno\"><img decoding=\"async\" src=\"https:\/\/drzewosfera.pl\/wp-content\/uploads\/2017\/08\/Wie\u017ca-widokowa.jpg\" alt=\"Lookout Tower \u015awi\u0119tno\"\/><\/a><\/figure><div class=\"caption\"><h5><a href=\"https:\/\/drzewosfera.pl\/en\/portfolio-view\/wieza-widokowa-swietno\/\" title=\"Lookout Tower \u015awi\u0119tno\">Lookout Tower \u015awi\u0119tno<\/a><\/h5><\/div><div class=\"clear\"><\/div><\/li><!-- .entry (end) --><li class=\"recent-posts_li post-2404 portfolio type-portfolio status-publish has-post-thumbnail hentry portfolio_category-pobliskie  list-item-1 clearfix\"><figure class=\"thumbnail featured-thumbnail\"><a href=\"https:\/\/drzewosfera.pl\/en\/portfolio-view\/splyw-kajakowy-kargowa\/\" title=\"Kayak trip Kargowa\"><img decoding=\"async\" src=\"https:\/\/drzewosfera.pl\/wp-content\/uploads\/2017\/07\/Sp\u0142yw-kajakowy.jpg\" alt=\"Kayak trip Kargowa\"\/><\/a><\/figure><div class=\"caption\"><h5><a href=\"https:\/\/drzewosfera.pl\/en\/portfolio-view\/splyw-kajakowy-kargowa\/\" title=\"Kayak trip Kargowa\">Kayak trip Kargowa<\/a><\/h5><\/div><div class=\"clear\"><\/div><\/li><!-- .entry (end) --><li class=\"recent-posts_li post-2408 portfolio type-portfolio status-publish has-post-thumbnail hentry portfolio_category-pobliskie  list-item-2 clearfix\"><figure class=\"thumbnail featured-thumbnail\"><a href=\"https:\/\/drzewosfera.pl\/en\/portfolio-view\/lasy-pelne-grzybow\/\" title=\"Forests full of mushrooms\"><img decoding=\"async\" src=\"https:\/\/drzewosfera.pl\/wp-content\/uploads\/2017\/07\/Grzyby.jpg\" alt=\"Forests full of mushrooms\"\/><\/a><\/figure><div class=\"caption\"><h5><a href=\"https:\/\/drzewosfera.pl\/en\/portfolio-view\/lasy-pelne-grzybow\/\" title=\"Forests full of mushrooms\">Forests full of mushrooms<\/a><\/h5><\/div><div class=\"clear\"><\/div><\/li><!-- .entry (end) --><li class=\"recent-posts_li post-2550 portfolio type-portfolio status-publish has-post-thumbnail hentry portfolio_category-wolsztyn  list-item-3 clearfix\"><figure class=\"thumbnail featured-thumbnail\"><a href=\"https:\/\/drzewosfera.pl\/en\/portfolio-view\/skansen-w-wolsztynie\/\" title=\"Open-air Ethnographic Museum\"><img decoding=\"async\" src=\"https:\/\/drzewosfera.pl\/wp-content\/uploads\/2017\/07\/Skansen.jpg\" alt=\"Open-air Ethnographic Museum\"\/><\/a><\/figure><div class=\"caption\"><h5><a href=\"https:\/\/drzewosfera.pl\/en\/portfolio-view\/skansen-w-wolsztynie\/\" title=\"Open-air Ethnographic Museum\">Open-air Ethnographic Museum<\/a><\/h5><\/div><div class=\"clear\"><\/div><\/li><!-- .entry (end) --><li class=\"recent-posts_li post-2545 portfolio type-portfolio status-publish has-post-thumbnail hentry portfolio_category-wolsztyn  list-item-4 clearfix\"><figure class=\"thumbnail featured-thumbnail\"><a href=\"https:\/\/drzewosfera.pl\/en\/portfolio-view\/palac-wolsztyn\/\" title=\"Palace and park in Wolsztyn\"><img decoding=\"async\" src=\"https:\/\/drzewosfera.pl\/wp-content\/uploads\/2017\/07\/Pa\u0142ac-Wolsztyn.jpg\" alt=\"Palace and park in Wolsztyn\"\/><\/a><\/figure><div class=\"caption\"><h5><a href=\"https:\/\/drzewosfera.pl\/en\/portfolio-view\/palac-wolsztyn\/\" title=\"Palace and park in Wolsztyn\">Palace and park in Wolsztyn<\/a><\/h5><\/div><div class=\"clear\"><\/div><\/li><!-- .entry (end) --><li class=\"recent-posts_li post-2546 portfolio type-portfolio status-publish has-post-thumbnail hentry portfolio_category-wolsztyn  list-item-5 clearfix\"><figure class=\"thumbnail featured-thumbnail\"><a href=\"https:\/\/drzewosfera.pl\/en\/portfolio-view\/kosciol-parafialny-w-wolsztynie\/\" title=\"The church Wolsztyn\"><img decoding=\"async\" src=\"https:\/\/drzewosfera.pl\/wp-content\/uploads\/2017\/07\/Ko\u015bci\u00f3\u0142-Wolsztyn.jpg\" alt=\"The church Wolsztyn\"\/><\/a><\/figure><div class=\"caption\"><h5><a href=\"https:\/\/drzewosfera.pl\/en\/portfolio-view\/kosciol-parafialny-w-wolsztynie\/\" title=\"The church Wolsztyn\">The church Wolsztyn<\/a><\/h5><\/div><div class=\"clear\"><\/div><\/li><!-- .entry (end) --><li class=\"recent-posts_li post-2552 portfolio type-portfolio status-publish has-post-thumbnail hentry portfolio_category-aktywnie  list-item-6 clearfix\"><figure class=\"thumbnail featured-thumbnail\"><a href=\"https:\/\/drzewosfera.pl\/en\/portfolio-view\/basen-wolsztyn\/\" title=\"Swimming Pool Wolsztyn\"><img decoding=\"async\" src=\"https:\/\/drzewosfera.pl\/wp-content\/uploads\/2017\/07\/P\u0142ywialnia-wolsztyn.jpg\" alt=\"Swimming Pool Wolsztyn\"\/><\/a><\/figure><div class=\"caption\"><h5><a href=\"https:\/\/drzewosfera.pl\/en\/portfolio-view\/basen-wolsztyn\/\" title=\"Swimming Pool Wolsztyn\">Swimming Pool Wolsztyn<\/a><\/h5><\/div><div class=\"clear\"><\/div><\/li><!-- .entry (end) --><li class=\"recent-posts_li post-2551 portfolio type-portfolio status-publish has-post-thumbnail hentry portfolio_category-wolsztyn  list-item-7 clearfix\"><figure class=\"thumbnail featured-thumbnail\"><a href=\"https:\/\/drzewosfera.pl\/en\/portfolio-view\/parowozownia-wolsztyn\/\" title=\"The Steam Engine Depot\"><img decoding=\"async\" src=\"https:\/\/drzewosfera.pl\/wp-content\/uploads\/2017\/07\/Parowozownia.jpg\" alt=\"The Steam Engine Depot\"\/><\/a><\/figure><div class=\"caption\"><h5><a href=\"https:\/\/drzewosfera.pl\/en\/portfolio-view\/parowozownia-wolsztyn\/\" title=\"The Steam Engine Depot\">The Steam Engine Depot<\/a><\/h5><\/div><div class=\"clear\"><\/div><\/li><!-- .entry (end) --><\/ul><!-- .recent-posts (end) --><\/div>\n<\/section><\/div><\/div>\n<\/div><!-- .row (end) -->\n<div class=\"clear\"><\/div><\/div><!-- .content_box (end) --><\/div>\n<div><section class=\"parallax-box image-parallax-box custom_parallax\" ><div class=\"parallax-content\">\n<div class=\"row \">\n<div class=\"span5 \"><div><section class=\"lazy-load-box trigger effect-slidefromleft \" data-delay=\"200\" data-speed=\"800\" style=\"-webkit-transition: all 800ms ease; -moz-transition: all 800ms ease; -ms-transition: all 800ms ease; -o-transition: all 800ms ease; transition: all 800ms ease;\">\n<h5>Contact info<\/h5>\n<p><strong>Address<\/strong><br \/>\nDrzewosfera Wilcze<br \/>\nWilcze 9<br \/>\n64-224 \u015awi\u0119tno<\/p>\n<p>DAR-JA SP. Z O.O.<br \/>\nUl. Spokojna 25<br \/>\n64-200 Wolsztyn<br \/>\nAccount number 98 1020 4144 0000 6802 0351 8982<\/p>\n<p>Mobile<br \/>\n+48 604 645 906<\/p>\n<p>Online help<br \/>\nSkype ID: agroturystyka.wilcze<\/p>\n<p>E-mail: <a href=\"recepcja@drzewosfera.pl\">recepcja@drzewosfera.pl<\/a><\/p>\n<\/section><\/div><\/div>\n<div class=\"span1 \"><\/div>\n<div class=\"span6 \"><div><section class=\"lazy-load-box trigger effect-slidefromright \" data-delay=\"200\" data-speed=\"800\" style=\"-webkit-transition: all 800ms ease; -moz-transition: all 800ms ease; -ms-transition: all 800ms ease; -o-transition: all 800ms ease; transition: all 800ms ease;\">\n\n<div class=\"wpcf7 no-js\" id=\"wpcf7-f208-o2\" lang=\"en-US\" dir=\"ltr\" data-wpcf7-id=\"208\">\n<div class=\"screen-reader-response\"><p role=\"status\" aria-live=\"polite\" aria-atomic=\"true\"><\/p> <ul><\/ul><\/div>\n<form action=\"\/en\/wp-json\/wp\/v2\/pages\/203#wpcf7-f208-o2\" method=\"post\" class=\"wpcf7-form init\" aria-label=\"Contact form\" novalidate=\"novalidate\" data-status=\"init\">\n<fieldset class=\"hidden-fields-container\"><input type=\"hidden\" name=\"_wpcf7\" value=\"208\" \/><input type=\"hidden\" name=\"_wpcf7_version\" value=\"6.1.5\" \/><input type=\"hidden\" name=\"_wpcf7_locale\" value=\"en_US\" \/><input type=\"hidden\" name=\"_wpcf7_unit_tag\" value=\"wpcf7-f208-o2\" \/><input type=\"hidden\" name=\"_wpcf7_container_post\" value=\"0\" \/><input type=\"hidden\" name=\"_wpcf7_posted_data_hash\" value=\"\" \/>\n<\/fieldset>\n<div class=\"row-fluid\">\n\t<p class=\"span4 field\"><span class=\"wpcf7-form-control-wrap\" data-name=\"your-name\"><input size=\"40\" maxlength=\"400\" class=\"wpcf7-form-control wpcf7-text wpcf7-validates-as-required\" aria-required=\"true\" aria-invalid=\"false\" placeholder=\"Name:\" value=\"\" type=\"text\" name=\"your-name\" \/><\/span>\n\t<\/p>\n\t<p class=\"span4 field\"><span class=\"wpcf7-form-control-wrap\" data-name=\"your-email\"><input size=\"40\" maxlength=\"400\" class=\"wpcf7-form-control wpcf7-email wpcf7-validates-as-required wpcf7-text wpcf7-validates-as-email\" aria-required=\"true\" aria-invalid=\"false\" placeholder=\"E-mail:\" value=\"\" type=\"email\" name=\"your-email\" \/><\/span>\n\t<\/p>\n\t<p class=\"span4 field\"><span class=\"wpcf7-form-control-wrap\" data-name=\"your-phone\"><input size=\"40\" maxlength=\"400\" class=\"wpcf7-form-control wpcf7-text\" aria-invalid=\"false\" placeholder=\"Phone:\" value=\"\" type=\"text\" name=\"your-phone\" \/><\/span>\n\t<\/p>\n<\/div>\n<p class=\"field\"><span class=\"wpcf7-form-control-wrap\" data-name=\"your-message\"><textarea cols=\"40\" rows=\"10\" maxlength=\"2000\" class=\"wpcf7-form-control wpcf7-textarea\" aria-invalid=\"false\" placeholder=\"Message:\" name=\"your-message\"><\/textarea><\/span>\n<\/p>\n<p class=\"submit-wrap\"><input type=\"reset\" value=\"clear\" class=\"btn btn-primary\" \/><input class=\"wpcf7-form-control wpcf7-submit has-spinner btn btn-primary\" type=\"submit\" value=\"Send\" \/>\n<\/p><p style=\"display: none !important;\" class=\"akismet-fields-container\" data-prefix=\"_wpcf7_ak_\"><label>&#916;<textarea name=\"_wpcf7_ak_hp_textarea\" cols=\"45\" rows=\"8\" maxlength=\"100\"><\/textarea><\/label><input type=\"hidden\" id=\"ak_js_2\" name=\"_wpcf7_ak_js\" value=\"132\"\/><script>document.getElementById( \"ak_js_2\" ).setAttribute( \"value\", ( new Date() ).getTime() );<\/script><\/p><div class=\"wpcf7-response-output\" aria-hidden=\"true\"><\/div>\n<\/form>\n<\/div>\n\n<\/section><\/div><\/div>\n<\/div><!-- .row (end) -->\n<div class=\"clear\"><\/div><\/div><div class=\"parallax-bg\" data-parallax-type=\"image\" data-img-url=\"http:\/\/drzewosfera.pl\/wp-content\/uploads\/2017\/07\/parallax_21.jpg\" data-speed=\"normal\" data-invert=\"false\" ><\/div><\/section><\/div>","protected":false},"excerpt":{"rendered":"","protected":false},"author":1,"featured_media":0,"parent":0,"menu_order":0,"comment_status":"open","ping_status":"closed","template":"page-home.php","meta":{"footnotes":""},"class_list":["post-203","page","type-page","status-publish","hentry"],"yoast_head":"<!-- This site is optimized with the Yoast SEO plugin v27.0 - https:\/\/yoast.com\/product\/yoast-seo-wordpress\/ -->\n<title>(Polski) Drzewosfera - Pokoje Studio Wilcze - Wielkopolska<\/title>\n<meta name=\"description\" content=\"(Polski) Wilcze \u2013 komfortowe pokoje studio, ogrzewane kominkiem z aneksem kuchennym. O\u015brodek przyjazny dla zwierz\u0105t oraz innych milusi\u0144skic. Zapewniamy spok\u00f3j i cisz\u0119 po\u015br\u00f3d las\u00f3w i jezior.\" \/>\n<meta name=\"robots\" content=\"index, follow, max-snippet:-1, max-image-preview:large, max-video-preview:-1\" \/>\n<link rel=\"canonical\" href=\"https:\/\/drzewosfera.pl\/\" \/>\n<meta property=\"og:locale\" content=\"en_US\" \/>\n<meta property=\"og:type\" content=\"article\" \/>\n<meta property=\"og:title\" content=\"[:pl][:pl]Drzewosfera - Pokoje Studio Wilcze - Wielkopolska[:][:]\" \/>\n<meta property=\"og:description\" content=\"{:pl}Wilcze \u2013 komfortowe pokoje studio, ogrzewane kominkiem z aneksem kuchennym. O\u015brodek przyjazny dla zwierz\u0105t oraz innych milusi\u0144skic. Zapewniamy spok\u00f3j i cisz\u0119 po\u015br\u00f3d las\u00f3w i jezior.{:}\" \/>\n<meta property=\"og:url\" content=\"https:\/\/drzewosfera.pl\/\" \/>\n<meta property=\"og:site_name\" content=\"Drzewosfera - Apartments Wilcze\" \/>\n<meta property=\"article:publisher\" content=\"https:\/\/www.facebook.com\/DrzewosferaRestauracjaPensjonat\/\" \/>\n<meta property=\"article:modified_time\" content=\"2026-02-04T16:37:08+00:00\" \/>\n<meta name=\"twitter:card\" content=\"summary_large_image\" \/>\n<meta name=\"twitter:label1\" content=\"Est. reading time\" \/>\n\t<meta name=\"twitter:data1\" content=\"6 minutes\" \/>\n<script type=\"application\/ld+json\" class=\"yoast-schema-graph\">{\"@context\":\"https:\/\/schema.org\",\"@graph\":[{\"@type\":\"WebPage\",\"@id\":\"https:\/\/drzewosfera.pl\/\",\"url\":\"https:\/\/drzewosfera.pl\/\",\"name\":\"[:pl][:pl]Drzewosfera - Pokoje Studio Wilcze - Wielkopolska[:][:]\",\"isPartOf\":{\"@id\":\"https:\/\/drzewosfera.pl\/#website\"},\"datePublished\":\"2011-09-14T07:45:02+00:00\",\"dateModified\":\"2026-02-04T16:37:08+00:00\",\"description\":\"{:pl}Wilcze \u2013 komfortowe pokoje studio, ogrzewane kominkiem z aneksem kuchennym. O\u015brodek przyjazny dla zwierz\u0105t oraz innych milusi\u0144skic. Zapewniamy spok\u00f3j i cisz\u0119 po\u015br\u00f3d las\u00f3w i jezior.{:}\",\"breadcrumb\":{\"@id\":\"https:\/\/drzewosfera.pl\/#breadcrumb\"},\"inLanguage\":\"en-US\",\"potentialAction\":[{\"@type\":\"ReadAction\",\"target\":[\"https:\/\/drzewosfera.pl\/\"]}]},{\"@type\":\"BreadcrumbList\",\"@id\":\"https:\/\/drzewosfera.pl\/#breadcrumb\",\"itemListElement\":[{\"@type\":\"ListItem\",\"position\":1,\"name\":\"Strona g\u0142\u00f3wna\",\"item\":\"https:\/\/drzewosfera.pl\/\"},{\"@type\":\"ListItem\",\"position\":2,\"name\":\"G\u0142\u00f3wna\"}]},{\"@type\":\"WebSite\",\"@id\":\"https:\/\/drzewosfera.pl\/#website\",\"url\":\"https:\/\/drzewosfera.pl\/\",\"name\":\"Drzewosfera - Apartments Wilcze\",\"description\":\"Wilcze - comfortable studio rooms, heated by a fireplace with a kitchenette. Animal and other animals center ... We provide tranquility and tranquility amidst forests and lakes.\",\"potentialAction\":[{\"@type\":\"SearchAction\",\"target\":{\"@type\":\"EntryPoint\",\"urlTemplate\":\"https:\/\/drzewosfera.pl\/?s={search_term_string}\"},\"query-input\":{\"@type\":\"PropertyValueSpecification\",\"valueRequired\":true,\"valueName\":\"search_term_string\"}}],\"inLanguage\":\"en-US\"}]}<\/script>\n<!-- \/ Yoast SEO plugin. -->","yoast_head_json":{"title":"(Polski) Drzewosfera - Pokoje Studio Wilcze - Wielkopolska","description":"(Polski) Wilcze \u2013 komfortowe pokoje studio, ogrzewane kominkiem z aneksem kuchennym. O\u015brodek przyjazny dla zwierz\u0105t oraz innych milusi\u0144skic. Zapewniamy spok\u00f3j i cisz\u0119 po\u015br\u00f3d las\u00f3w i jezior.","robots":{"index":"index","follow":"follow","max-snippet":"max-snippet:-1","max-image-preview":"max-image-preview:large","max-video-preview":"max-video-preview:-1"},"canonical":"https:\/\/drzewosfera.pl\/","og_locale":"en_US","og_type":"article","og_title":"[:pl][:pl]Drzewosfera - Pokoje Studio Wilcze - Wielkopolska[:][:]","og_description":"{:pl}Wilcze \u2013 komfortowe pokoje studio, ogrzewane kominkiem z aneksem kuchennym. O\u015brodek przyjazny dla zwierz\u0105t oraz innych milusi\u0144skic. Zapewniamy spok\u00f3j i cisz\u0119 po\u015br\u00f3d las\u00f3w i jezior.{:}","og_url":"https:\/\/drzewosfera.pl\/","og_site_name":"Drzewosfera - Apartments Wilcze","article_publisher":"https:\/\/www.facebook.com\/DrzewosferaRestauracjaPensjonat\/","article_modified_time":"2026-02-04T16:37:08+00:00","twitter_card":"summary_large_image","twitter_misc":{"Est. reading time":"6 minutes"},"schema":{"@context":"https:\/\/schema.org","@graph":[{"@type":"WebPage","@id":"https:\/\/drzewosfera.pl\/","url":"https:\/\/drzewosfera.pl\/","name":"[:pl][:pl]Drzewosfera - Pokoje Studio Wilcze - Wielkopolska[:][:]","isPartOf":{"@id":"https:\/\/drzewosfera.pl\/#website"},"datePublished":"2011-09-14T07:45:02+00:00","dateModified":"2026-02-04T16:37:08+00:00","description":"{:pl}Wilcze \u2013 komfortowe pokoje studio, ogrzewane kominkiem z aneksem kuchennym. O\u015brodek przyjazny dla zwierz\u0105t oraz innych milusi\u0144skic. Zapewniamy spok\u00f3j i cisz\u0119 po\u015br\u00f3d las\u00f3w i jezior.{:}","breadcrumb":{"@id":"https:\/\/drzewosfera.pl\/#breadcrumb"},"inLanguage":"en-US","potentialAction":[{"@type":"ReadAction","target":["https:\/\/drzewosfera.pl\/"]}]},{"@type":"BreadcrumbList","@id":"https:\/\/drzewosfera.pl\/#breadcrumb","itemListElement":[{"@type":"ListItem","position":1,"name":"Strona g\u0142\u00f3wna","item":"https:\/\/drzewosfera.pl\/"},{"@type":"ListItem","position":2,"name":"G\u0142\u00f3wna"}]},{"@type":"WebSite","@id":"https:\/\/drzewosfera.pl\/#website","url":"https:\/\/drzewosfera.pl\/","name":"Drzewosfera - Apartments Wilcze","description":"Wilcze - comfortable studio rooms, heated by a fireplace with a kitchenette. Animal and other animals center ... We provide tranquility and tranquility amidst forests and lakes.","potentialAction":[{"@type":"SearchAction","target":{"@type":"EntryPoint","urlTemplate":"https:\/\/drzewosfera.pl\/?s={search_term_string}"},"query-input":{"@type":"PropertyValueSpecification","valueRequired":true,"valueName":"search_term_string"}}],"inLanguage":"en-US"}]}},"_links":{"self":[{"href":"https:\/\/drzewosfera.pl\/en\/wp-json\/wp\/v2\/pages\/203","targetHints":{"allow":["GET"]}}],"collection":[{"href":"https:\/\/drzewosfera.pl\/en\/wp-json\/wp\/v2\/pages"}],"about":[{"href":"https:\/\/drzewosfera.pl\/en\/wp-json\/wp\/v2\/types\/page"}],"author":[{"embeddable":true,"href":"https:\/\/drzewosfera.pl\/en\/wp-json\/wp\/v2\/users\/1"}],"replies":[{"embeddable":true,"href":"https:\/\/drzewosfera.pl\/en\/wp-json\/wp\/v2\/comments?post=203"}],"version-history":[{"count":5,"href":"https:\/\/drzewosfera.pl\/en\/wp-json\/wp\/v2\/pages\/203\/revisions"}],"predecessor-version":[{"id":2889,"href":"https:\/\/drzewosfera.pl\/en\/wp-json\/wp\/v2\/pages\/203\/revisions\/2889"}],"wp:attachment":[{"href":"https:\/\/drzewosfera.pl\/en\/wp-json\/wp\/v2\/media?parent=203"}],"curies":[{"name":"wp","href":"https:\/\/api.w.org\/{rel}","templated":true}]}}